{"id":68,"date":"2019-03-12T20:06:50","date_gmt":"2019-03-12T19:06:50","guid":{"rendered":"https:\/\/path-of-destiny.de\/pod\/?page_id=68"},"modified":"2019-03-15T18:49:44","modified_gmt":"2019-03-15T17:49:44","slug":"shows","status":"publish","type":"page","link":"https:\/\/path-of-destiny.de\/pod\/shows\/","title":{"rendered":"SHOWS"},"content":{"rendered":"<div id=\"themify_builder_content-68\" data-postid=\"68\" class=\"themify_builder_content themify_builder_content-68 themify_builder themify_builder_front\">\n\n\t\t\t\t<!-- module_row -->\n\t\t\t<div  data-gutter=\"gutter-default\" class=\"themify_builder_row themify_builder_68_row module_row module_row_0 module_row_68-0 clearfix gutter-default col_align_top\" data-equal-column-height=\"\" data-column-alignment=\"col_align_top\">\n\n\t\t\n\t\t\t\t\n\t\t\t\t<div class=\"row_inner_wrapper\">\n\t\t\t\t\t<div class=\"row_inner\">\n\n\t\t\t\t\t\t\n\t\t\t\t\t\t\n\t\t\t\t\t\t\t\n\t\t<div  class=\"col-full first tb-column  tb_68_column module_column_0 module_column_68-0-0 module_column\" >\n\n\t\t\t\n\t\t\t\n\t\t\t<div class=\"tb-column-inner\">\n\n\t\t\t\t\n\t\t\t\t\n\t\t\t\t\t\n\t<!-- module image -->\n\t<div id=\"image-68-0-0-1\" class=\"module module-image image-68-0-0-1   image-top   auto_fullwidth\">\n\n\t\t\n\t\t\n\t\t<div class=\"image-wrap\">\n\t\t\t\t\t\t\t<img loading=\"lazy\" decoding=\"async\" width=\"975\" height=\"198\" src=\"https:\/\/path-of-destiny.de\/pod\/wp-content\/uploads\/2019\/03\/Header.png\" class=\" wp-image-52\" title=\"Header\" alt=\"SHOWS\" srcset=\"https:\/\/path-of-destiny.de\/pod\/wp-content\/uploads\/2019\/03\/Header.png 975w, https:\/\/path-of-destiny.de\/pod\/wp-content\/uploads\/2019\/03\/Header-300x61.png 300w, https:\/\/path-of-destiny.de\/pod\/wp-content\/uploads\/2019\/03\/Header-768x156.png 768w\" sizes=\"(max-width: 975px) 100vw, 975px\" \/>\t\t\t\n\t\t\t\t\t\t<\/div>\n\t\t\t<!-- \/image-wrap -->\n\t\t\n\t\t\n\t\t\n\t\t<\/div>\n\t<!-- \/module image -->\n\n\n    <!-- module divider -->\n    <div id=\"divider-68-0-0-2\" class=\"module module-divider divider-68-0-0-2 solid   divider-fullwidth \" style=\"border-width: 2px;border-color: rgba(0,0,0, 1.00);\">\n            <\/div>\n    <!-- \/module divider -->\n\n\n<!-- module text -->\n<div id=\"text-68-0-0-3\" class=\"module module-text text-68-0-0-3   \">\n\t\n\t\n\t<h3><span class=\"Stil5\">\u2022\u00a0\u00a0\u2022\u00a0\u00a0\u2022 <\/span>SHOWS <span class=\"Stil5\">\u2022\u00a0\u00a0\u2022\u00a0\u00a0\u2022<\/span><\/h3>\n\t<\/div>\n<!-- \/module text -->\n\n    <!-- module divider -->\n    <div id=\"divider-68-0-0-4\" class=\"module module-divider divider-68-0-0-4 solid   divider-fullwidth \" style=\"border-width: 2px;border-color: rgba(0,0,0, 1.00);\">\n            <\/div>\n    <!-- \/module divider -->\n\n\n\t\t\t\t\n\t\t\t<\/div><!-- \/.tb-column-inner -->\n\t\t\t\t\t<\/div>\n\t\t<!-- \/.tb-column -->\n\t\t\n\t\t\n\t\t\t\t\t\t\t\t\n\t\t\t\t\t\t\t\t\n\t\t\t\t\t\t\t\n\t\t\t\t\t\t<\/div>\n\t\t\t\t\t\t<!-- \/row_inner -->\n\t\t\t\t\t<\/div>\n\t\t\t\t\t<!-- \/row_inner_wrapper -->\n\t\t\t\t<\/div>\n\t\t\t\t<!-- \/module_row -->\n\t\t\t\t\t<!-- module_row -->\n\t\t\t<div  data-gutter=\"gutter-default\" class=\"themify_builder_row themify_builder_68_row module_row module_row_1 module_row_68-1 clearfix gutter-default col_align_top\" data-equal-column-height=\"\" data-column-alignment=\"col_align_top\">\n\n\t\t\n\t\t\t\t\n\t\t\t\t<div class=\"row_inner_wrapper\">\n\t\t\t\t\t<div class=\"row_inner\">\n\n\t\t\t\t\t\t\n\t\t\t\t\t\t\n\t\t\t\t\t\t\t\n\t\t<div  class=\"col-full first tb-column  tb_68_column module_column_0 module_column_68-1-0 module_column\" >\n\n\t\t\t\n\t\t\t\n\t\t\t<div class=\"tb-column-inner\">\n\n\t\t\t\t\n\t\t\t\t\n\t\t\t\t\t\n<!-- module text -->\n<div id=\"text-68-1-0-1\" class=\"module module-text text-68-1-0-1   \">\n\t\n\t\n\t<div class=\"em em-view-container\" id=\"em-view-1059237555\" data-view=\"list\">\r\n\t<div class=\"em pixelbones em-list em-events-list\" id=\"em-events-list-1059237555\" data-view-id=\"1059237555\">\r\n\t<table class=\"events-table\" >\r\n    <thead>\r\n        <tr>\r\n\t\t\t<th class=\"event-time\" scope=\"col\">Datum\/Zeit<\/th>\r\n\t\t\t<th class=\"event-description\" scope=\"col\">Veranstaltung<\/th>\r\n\t\t<\/tr>\r\n   \t<\/thead>\r\n    <tbody><tr class=\"event_tr\">\r\n\t\t\t<td class=\"event_td\">\r\n                25\/07\/2026<br\/>\r\n                18:00 - 23:45\r\n            <\/td>\r\n            <td>\r\n                <a href=\"https:\/\/path-of-destiny.de\/pod\/events\/scheunenbrand-chapter-three\/\">Scheunenbrand -Chapter Three<\/a>\r\n                <br\/><i>Schlossscheune K\u00fchndorf, K\u00fchndorf Th\u00fcringen<\/i>\r\n            <\/td>\r\n        <\/tr><tr class=\"event_tr\">\r\n\t\t\t<td class=\"event_td\">\r\n                30\/07\/2026 - 01\/08\/2026<br\/>\r\n                15:00 - 23:45\r\n            <\/td>\r\n            <td>\r\n                <a href=\"https:\/\/path-of-destiny.de\/pod\/events\/helmfest-2026\/\">Helmfest 2026<\/a>\r\n                <br\/><i>Helmfest Festivalground, B\u00fcddenstedt Niedersachsen<\/i>\r\n            <\/td>\r\n        <\/tr><tr class=\"event_tr\">\r\n\t\t\t<td class=\"event_td\">\r\n                28\/11\/2026<br\/>\r\n                18:00 - 23:45\r\n            <\/td>\r\n            <td>\r\n                <a href=\"https:\/\/path-of-destiny.de\/pod\/events\/club-from-hell-erfurt\/\">Birth of Death II<\/a>\r\n                <br\/><i>Club From Hell Erfurt, Erfurt \/ Bindersleben Th\u00fcringen<\/i>\r\n            <\/td>\r\n        <\/tr><\/tbody><\/table>\t<\/div>\r\n<\/div>\n\t<\/div>\n<!-- \/module text -->\n\n\t\t\t\t\n\t\t\t<\/div><!-- \/.tb-column-inner -->\n\t\t\t\t\t<\/div>\n\t\t<!-- \/.tb-column -->\n\t\t\n\t\t\n\t\t\t\t\t\t\t\t\n\t\t\t\t\t\t\t\t\n\t\t\t\t\t\t\t\n\t\t\t\t\t\t<\/div>\n\t\t\t\t\t\t<!-- \/row_inner -->\n\t\t\t\t\t<\/div>\n\t\t\t\t\t<!-- \/row_inner_wrapper -->\n\t\t\t\t<\/div>\n\t\t\t\t<!-- \/module_row -->\n\t\t<\/div>\n<!-- \/themify_builder_content -->","protected":false},"excerpt":{"rendered":"<p>\u2022\u00a0\u00a0\u2022\u00a0\u00a0\u2022 SHOWS \u2022\u00a0\u00a0\u2022\u00a0\u00a0\u2022<\/p>\n","protected":false},"author":1,"featured_media":0,"parent":0,"menu_order":0,"comment_status":"closed","ping_status":"closed","template":"","meta":{"footnotes":""},"_links":{"self":[{"href":"https:\/\/path-of-destiny.de\/pod\/wp-json\/wp\/v2\/pages\/68"}],"collection":[{"href":"https:\/\/path-of-destiny.de\/pod\/wp-json\/wp\/v2\/pages"}],"about":[{"href":"https:\/\/path-of-destiny.de\/pod\/wp-json\/wp\/v2\/types\/page"}],"author":[{"embeddable":true,"href":"https:\/\/path-of-destiny.de\/pod\/wp-json\/wp\/v2\/users\/1"}],"replies":[{"embeddable":true,"href":"https:\/\/path-of-destiny.de\/pod\/wp-json\/wp\/v2\/comments?post=68"}],"version-history":[{"count":14,"href":"https:\/\/path-of-destiny.de\/pod\/wp-json\/wp\/v2\/pages\/68\/revisions"}],"predecessor-version":[{"id":342,"href":"https:\/\/path-of-destiny.de\/pod\/wp-json\/wp\/v2\/pages\/68\/revisions\/342"}],"wp:attachment":[{"href":"https:\/\/path-of-destiny.de\/pod\/wp-json\/wp\/v2\/media?parent=68"}],"curies":[{"name":"wp","href":"https:\/\/api.w.org\/{rel}","templated":true}]}}