{"id":485,"date":"2021-02-20T13:06:20","date_gmt":"2021-02-20T12:06:20","guid":{"rendered":"https:\/\/path-of-destiny.de\/pod\/band-copy\/"},"modified":"2021-09-14T22:54:23","modified_gmt":"2021-09-14T20:54:23","slug":"band-2-2","status":"publish","type":"page","link":"https:\/\/path-of-destiny.de\/pod\/band-2-2\/","title":{"rendered":"BAND"},"content":{"rendered":"<div id=\"themify_builder_content-485\" data-postid=\"485\" class=\"themify_builder_content themify_builder_content-485 themify_builder themify_builder_front\">\n\n\t\t\t\t<!-- module_row -->\n\t\t\t<div  data-gutter=\"gutter-default\" class=\"themify_builder_row themify_builder_485_row module_row module_row_0 module_row_485-0 clearfix gutter-default col_align_top\" data-equal-column-height=\"\" data-column-alignment=\"col_align_top\">\n\n\t\t\n\t\t\t\t\n\t\t\t\t<div class=\"row_inner_wrapper\">\n\t\t\t\t\t<div class=\"row_inner\">\n\n\t\t\t\t\t\t\n\t\t\t\t\t\t\n\t\t\t\t\t\t\t\n\t\t<div  class=\"col-full first tb-column  tb_485_column module_column_0 module_column_485-0-0 module_column\" >\n\n\t\t\t\n\t\t\t\n\t\t\t<div class=\"tb-column-inner\">\n\n\t\t\t\t\n\t\t\t\t\n\t\t\t\t\t\n\t<!-- module image -->\n\t<div id=\"image-485-0-0-1\" class=\"module module-image image-485-0-0-1   image-top   auto_fullwidth\">\n\n\t\t\n\t\t\n\t\t<div class=\"image-wrap\">\n\t\t\t\t\t\t\t<img loading=\"lazy\" decoding=\"async\" width=\"975\" height=\"198\" src=\"https:\/\/path-of-destiny.de\/pod\/wp-content\/uploads\/2021\/02\/Header2.jpg\" class=\" wp-image-448\" title=\"Header2\" alt=\"Header\" srcset=\"https:\/\/path-of-destiny.de\/pod\/wp-content\/uploads\/2021\/02\/Header2.jpg 975w, https:\/\/path-of-destiny.de\/pod\/wp-content\/uploads\/2021\/02\/Header2-300x61.jpg 300w, https:\/\/path-of-destiny.de\/pod\/wp-content\/uploads\/2021\/02\/Header2-768x156.jpg 768w\" sizes=\"(max-width: 975px) 100vw, 975px\" \/>\t\t\t\n\t\t\t\t\t\t<\/div>\n\t\t\t<!-- \/image-wrap -->\n\t\t\n\t\t\n\t\t\n\t\t<\/div>\n\t<!-- \/module image -->\n\n\n    <!-- module divider -->\n    <div id=\"divider-485-0-0-2\" class=\"module module-divider divider-485-0-0-2 solid   divider-fullwidth \" style=\"border-width: 2px;border-color: rgba(0,0,0, 1.00);\">\n            <\/div>\n    <!-- \/module divider -->\n\n\n<!-- module slider blog -->\n<div id=\"slider-485-0-0-3-loader\" class=\"themify_builder_slider_loader\" style=\"height:50px;\"><\/div>\n<div id=\"slider-485-0-0-3\" class=\"module module-slider slider-485-0-0-3 themify_builder_slider_wrap clearfix  slider-default  \">\n\n\t\n\t<ul class=\"themify_builder_slider\" \n\t\tdata-id=\"slider-485-0-0-3\" \n\t\tdata-visible=\"1\" \n\t\tdata-scroll=\"1\" \n\t\tdata-auto-scroll=\"4\"\n\t\tdata-speed=\"1\"\n\t\tdata-wrap=\"yes\"\n\t\tdata-arrow=\"yes\"\n\t\tdata-pagination=\"yes\"\n\t\tdata-effect=\"scroll\" \n\t\tdata-height=\"variable\" \n\t\tdata-pause-on-hover=\"resume\" >\n\t\t\n\t\t\n\t\t<li style=\" \">\n\t\t\t\t\t\t\t\n\t\t\t\t\t\t<div class=\"slide-content\">\n\t\t\t\t\n\t\t\t\t\t\t\t\t\t\t\t\t\t\t\t<h3 class=\"slide-title\"><a href=\"https:\/\/path-of-destiny.de\/pod\/christian-reinhard\/\" title=\"Christian Reinhard\" >Christian Reinhard<\/a><\/h3>\n\t\t\t\t\t\t\t\t\t\t\t\t\t\n\t\t\t\t\n\t\t\t\t<div class=\"themify_builder_content-282 themify_builder in_the_loop not_editable_builder\">\n\n\t\t\t<!-- module_row -->\n\t\t\t<div  data-gutter=\"gutter-default\" class=\"themify_builder_row themify_builder_282_row module_row module_row_0 module_row_282-0 clearfix gutter-default col_align_top\" data-equal-column-height=\"\" data-column-alignment=\"col_align_top\">\n\n\t\t\n\t\t\t\t\n\t\t\t\t<div class=\"row_inner_wrapper\">\n\t\t\t\t\t<div class=\"row_inner\">\n\n\t\t\t\t\t\t\n\t\t\t\t\t\t\n\t\t\t\t\t\t\t\n\t\t<div  class=\"col4-2 first tb-column  tb_282_column module_column_0 module_column_282-0-0 module_column\" >\n\n\t\t\t\n\t\t\t\n\t\t\t<div class=\"tb-column-inner\">\n\n\t\t\t\t\n\t\t\t\t\n\t\t\t\t\t\n<!-- module text -->\n<div id=\"text-282-0-0-1\" class=\"module module-text text-282-0-0-1   \">\n\t\n\t\n\t<ul><li>guitars<\/li><li>backingvocals<\/li><\/ul>\n\t<\/div>\n<!-- \/module text -->\n\n\t\t\t\t\n\t\t\t<\/div><!-- \/.tb-column-inner -->\n\t\t\t\t\t<\/div>\n\t\t<!-- \/.tb-column -->\n\t\t\n\t\t\n\t\t<div  class=\"col4-2 last tb-column  tb_282_column module_column_1 module_column_282-0-1 module_column\" >\n\n\t\t\t\n\t\t\t\n\t\t\t<div class=\"tb-column-inner\">\n\n\t\t\t\t\n\t\t\t\t\n\t\t\t\t\t\n\t<!-- module image -->\n\t<div id=\"image-282-0-1-1\" class=\"module module-image image-282-0-1-1 drop-shadow bordered image-top  \">\n\n\t\t\n\t\t\n\t\t<div class=\"image-wrap\">\n\t\t\t\t\t\t\t<img decoding=\"async\" src=\"https:\/\/path-of-destiny.de\/pod\/wp-content\/uploads\/2021\/09\/83453d9f-cf03-4a6d-85ed-6c9f3ad49801-1024x683-449x300.jpg\" height=\"300\" class=\" wp-image-650\" title=\"83453d9f-cf03-4a6d-85ed-6c9f3ad49801\" alt=\"Christian Reinhard\" srcset=\"https:\/\/path-of-destiny.de\/pod\/wp-content\/uploads\/2021\/09\/83453d9f-cf03-4a6d-85ed-6c9f3ad49801-1024x683-449x300.jpg 449w, https:\/\/path-of-destiny.de\/pod\/wp-content\/uploads\/2021\/09\/83453d9f-cf03-4a6d-85ed-6c9f3ad49801-300x200.jpg 300w, https:\/\/path-of-destiny.de\/pod\/wp-content\/uploads\/2021\/09\/83453d9f-cf03-4a6d-85ed-6c9f3ad49801-1024x683.jpg 1024w, https:\/\/path-of-destiny.de\/pod\/wp-content\/uploads\/2021\/09\/83453d9f-cf03-4a6d-85ed-6c9f3ad49801-768x512.jpg 768w, https:\/\/path-of-destiny.de\/pod\/wp-content\/uploads\/2021\/09\/83453d9f-cf03-4a6d-85ed-6c9f3ad49801-1536x1024.jpg 1536w, https:\/\/path-of-destiny.de\/pod\/wp-content\/uploads\/2021\/09\/83453d9f-cf03-4a6d-85ed-6c9f3ad49801.jpg 1600w\" sizes=\"(max-width: 449px) 100vw, 449px\" \/>\t\t\t\n\t\t\t\t\t\t<\/div>\n\t\t\t<!-- \/image-wrap -->\n\t\t\n\t\t\n\t\t\n\t\t<\/div>\n\t<!-- \/module image -->\n\n\n\t\t\t\t\n\t\t\t<\/div><!-- \/.tb-column-inner -->\n\t\t\t\t\t<\/div>\n\t\t<!-- \/.tb-column -->\n\t\t\n\t\t\n\t\t\t\t\t\t\t\t\n\t\t\t\t\t\t\t\t\n\t\t\t\t\t\t\t\n\t\t\t\t\t\t<\/div>\n\t\t\t\t\t\t<!-- \/row_inner -->\n\t\t\t\t\t<\/div>\n\t\t\t\t\t<!-- \/row_inner_wrapper -->\n\t\t\t\t<\/div>\n\t\t\t\t<!-- \/module_row -->\n\t\t<\/div>\t\t\t<\/div>\n\t\t\t<!-- \/slide-content -->\n\t\t\t\t\t<\/li>\n\t\t\n\t\t<li style=\" \">\n\t\t\t\t\t\t\t\n\t\t\t\t\t\t<div class=\"slide-content\">\n\t\t\t\t\n\t\t\t\t\t\t\t\t\t\t\t\t\t\t\t<h3 class=\"slide-title\"><a href=\"https:\/\/path-of-destiny.de\/pod\/florian-graf\/\" title=\"Florian Graf\" >Florian Graf<\/a><\/h3>\n\t\t\t\t\t\t\t\t\t\t\t\t\t\n\t\t\t\t\n\t\t\t\t<div class=\"themify_builder_content-636 themify_builder in_the_loop not_editable_builder\">\n\n\t\t\t<!-- module_row -->\n\t\t\t<div  data-gutter=\"gutter-default\" class=\"themify_builder_row themify_builder_636_row module_row module_row_0 module_row_636-0 clearfix gutter-default col_align_top\" data-equal-column-height=\"\" data-column-alignment=\"col_align_top\">\n\n\t\t\n\t\t\t\t\n\t\t\t\t<div class=\"row_inner_wrapper\">\n\t\t\t\t\t<div class=\"row_inner\">\n\n\t\t\t\t\t\t\n\t\t\t\t\t\t\n\t\t\t\t\t\t\t\n\t\t<div  class=\"col4-2 first tb-column  tb_636_column module_column_0 module_column_636-0-0 module_column\" >\n\n\t\t\t\n\t\t\t\n\t\t\t<div class=\"tb-column-inner\">\n\n\t\t\t\t\n\t\t\t\t\n\t\t\t\t\t\n<!-- module text -->\n<div id=\"text-636-0-0-1\" class=\"module module-text text-636-0-0-1   \">\n\t\n\t\n\t<ul><li>sessiondrummer<\/li><\/ul>\n\t<\/div>\n<!-- \/module text -->\n\n\t\t\t\t\n\t\t\t<\/div><!-- \/.tb-column-inner -->\n\t\t\t\t\t<\/div>\n\t\t<!-- \/.tb-column -->\n\t\t\n\t\t\n\t\t<div  class=\"col4-2 last tb-column  tb_636_column module_column_1 module_column_636-0-1 module_column\" >\n\n\t\t\t\n\t\t\t\n\t\t\t<div class=\"tb-column-inner\">\n\n\t\t\t\t\n\t\t\t\t\n\t\t\t\t\t\n\t<!-- module image -->\n\t<div id=\"image-636-0-1-1\" class=\"module module-image image-636-0-1-1 drop-shadow bordered image-top  \">\n\n\t\t\n\t\t\n\t\t<div class=\"image-wrap\">\n\t\t\t\t\t\t\t<img decoding=\"async\" src=\"https:\/\/path-of-destiny.de\/pod\/wp-content\/uploads\/2021\/09\/ba59d588-7b73-42c2-815f-1a538fc23004-1024x682-450x300.jpg\" height=\"300\" class=\" wp-image-637\" title=\"ba59d588-7b73-42c2-815f-1a538fc23004\" alt=\"Florian Graf\" srcset=\"https:\/\/path-of-destiny.de\/pod\/wp-content\/uploads\/2021\/09\/ba59d588-7b73-42c2-815f-1a538fc23004-1024x682-450x300.jpg 450w, https:\/\/path-of-destiny.de\/pod\/wp-content\/uploads\/2021\/09\/ba59d588-7b73-42c2-815f-1a538fc23004-300x200.jpg 300w, https:\/\/path-of-destiny.de\/pod\/wp-content\/uploads\/2021\/09\/ba59d588-7b73-42c2-815f-1a538fc23004-1024x682.jpg 1024w, https:\/\/path-of-destiny.de\/pod\/wp-content\/uploads\/2021\/09\/ba59d588-7b73-42c2-815f-1a538fc23004-768x512.jpg 768w, https:\/\/path-of-destiny.de\/pod\/wp-content\/uploads\/2021\/09\/ba59d588-7b73-42c2-815f-1a538fc23004-1536x1023.jpg 1536w, https:\/\/path-of-destiny.de\/pod\/wp-content\/uploads\/2021\/09\/ba59d588-7b73-42c2-815f-1a538fc23004.jpg 1600w\" sizes=\"(max-width: 450px) 100vw, 450px\" \/>\t\t\t\n\t\t\t\t\t\t<\/div>\n\t\t\t<!-- \/image-wrap -->\n\t\t\n\t\t\n\t\t\n\t\t<\/div>\n\t<!-- \/module image -->\n\n\n\t\t\t\t\n\t\t\t<\/div><!-- \/.tb-column-inner -->\n\t\t\t\t\t<\/div>\n\t\t<!-- \/.tb-column -->\n\t\t\n\t\t\n\t\t\t\t\t\t\t\t\n\t\t\t\t\t\t\t\t\n\t\t\t\t\t\t\t\n\t\t\t\t\t\t<\/div>\n\t\t\t\t\t\t<!-- \/row_inner -->\n\t\t\t\t\t<\/div>\n\t\t\t\t\t<!-- \/row_inner_wrapper -->\n\t\t\t\t<\/div>\n\t\t\t\t<!-- \/module_row -->\n\t\t<\/div>\t\t\t<\/div>\n\t\t\t<!-- \/slide-content -->\n\t\t\t\t\t<\/li>\n\t\t\n\t\t<li style=\" \">\n\t\t\t\t\t\t\t\n\t\t\t\t\t\t<div class=\"slide-content\">\n\t\t\t\t\n\t\t\t\t\t\t\t\t\t\t\t\t\t\t\t<h3 class=\"slide-title\"><a href=\"https:\/\/path-of-destiny.de\/pod\/christoph-silge\/\" title=\"Christoph Silge\" >Christoph Silge<\/a><\/h3>\n\t\t\t\t\t\t\t\t\t\t\t\t\t\n\t\t\t\t\n\t\t\t\t<div class=\"themify_builder_content-275 themify_builder in_the_loop not_editable_builder\">\n\n\t\t\t<!-- module_row -->\n\t\t\t<div  data-gutter=\"gutter-default\" class=\"themify_builder_row themify_builder_275_row module_row module_row_0 module_row_275-0 clearfix gutter-default col_align_top\" data-equal-column-height=\"\" data-column-alignment=\"col_align_top\">\n\n\t\t\n\t\t\t\t\n\t\t\t\t<div class=\"row_inner_wrapper\">\n\t\t\t\t\t<div class=\"row_inner\">\n\n\t\t\t\t\t\t\n\t\t\t\t\t\t\n\t\t\t\t\t\t\t\n\t\t<div  class=\"col4-2 first tb-column  tb_275_column module_column_0 module_column_275-0-0 module_column\" >\n\n\t\t\t\n\t\t\t\n\t\t\t<div class=\"tb-column-inner\">\n\n\t\t\t\t\n\t\t\t\t\n\t\t\t\t\t\n<!-- module text -->\n<div id=\"text-275-0-0-1\" class=\"module module-text text-275-0-0-1   \">\n\t\n\t\n\t<ul><li>bass<\/li><li>key programming<\/li><\/ul>\n\t<\/div>\n<!-- \/module text -->\n\n\t\t\t\t\n\t\t\t<\/div><!-- \/.tb-column-inner -->\n\t\t\t\t\t<\/div>\n\t\t<!-- \/.tb-column -->\n\t\t\n\t\t\n\t\t<div  class=\"col4-2 last tb-column  tb_275_column module_column_1 module_column_275-0-1 module_column\" >\n\n\t\t\t\n\t\t\t\n\t\t\t<div class=\"tb-column-inner\">\n\n\t\t\t\t\n\t\t\t\t\n\t\t\t\t\t\n\t<!-- module image -->\n\t<div id=\"image-275-0-1-1\" class=\"module module-image image-275-0-1-1 drop-shadow bordered image-top  \">\n\n\t\t\n\t\t\n\t\t<div class=\"image-wrap\">\n\t\t\t\t\t\t\t<img decoding=\"async\" src=\"https:\/\/path-of-destiny.de\/pod\/wp-content\/uploads\/2021\/09\/9c74d853-302f-431d-806c-77465e48ab67-1024x682-450x300.jpg\" height=\"300\" class=\" wp-image-652\" title=\"9c74d853-302f-431d-806c-77465e48ab67\" alt=\"Christoph Silge\" srcset=\"https:\/\/path-of-destiny.de\/pod\/wp-content\/uploads\/2021\/09\/9c74d853-302f-431d-806c-77465e48ab67-1024x682-450x300.jpg 450w, https:\/\/path-of-destiny.de\/pod\/wp-content\/uploads\/2021\/09\/9c74d853-302f-431d-806c-77465e48ab67-300x200.jpg 300w, https:\/\/path-of-destiny.de\/pod\/wp-content\/uploads\/2021\/09\/9c74d853-302f-431d-806c-77465e48ab67-1024x682.jpg 1024w, https:\/\/path-of-destiny.de\/pod\/wp-content\/uploads\/2021\/09\/9c74d853-302f-431d-806c-77465e48ab67-768x512.jpg 768w, https:\/\/path-of-destiny.de\/pod\/wp-content\/uploads\/2021\/09\/9c74d853-302f-431d-806c-77465e48ab67-1536x1023.jpg 1536w, https:\/\/path-of-destiny.de\/pod\/wp-content\/uploads\/2021\/09\/9c74d853-302f-431d-806c-77465e48ab67.jpg 1600w\" sizes=\"(max-width: 450px) 100vw, 450px\" \/>\t\t\t\n\t\t\t\t\t\t<\/div>\n\t\t\t<!-- \/image-wrap -->\n\t\t\n\t\t\n\t\t\n\t\t<\/div>\n\t<!-- \/module image -->\n\n\n\t\t\t\t\n\t\t\t<\/div><!-- \/.tb-column-inner -->\n\t\t\t\t\t<\/div>\n\t\t<!-- \/.tb-column -->\n\t\t\n\t\t\n\t\t\t\t\t\t\t\t\n\t\t\t\t\t\t\t\t\n\t\t\t\t\t\t\t\n\t\t\t\t\t\t<\/div>\n\t\t\t\t\t\t<!-- \/row_inner -->\n\t\t\t\t\t<\/div>\n\t\t\t\t\t<!-- \/row_inner_wrapper -->\n\t\t\t\t<\/div>\n\t\t\t\t<!-- \/module_row -->\n\t\t<\/div>\t\t\t<\/div>\n\t\t\t<!-- \/slide-content -->\n\t\t\t\t\t<\/li>\n\t\t\n\t\t<li style=\" \">\n\t\t\t\t\t\t\t\n\t\t\t\t\t\t<div class=\"slide-content\">\n\t\t\t\t\n\t\t\t\t\t\t\t\t\t\t\t\t\t\t\t<h3 class=\"slide-title\"><a href=\"https:\/\/path-of-destiny.de\/pod\/alexander-helfer\/\" title=\"Alexander Helfer\" >Alexander Helfer<\/a><\/h3>\n\t\t\t\t\t\t\t\t\t\t\t\t\t\n\t\t\t\t\n\t\t\t\t<div class=\"themify_builder_content-288 themify_builder in_the_loop not_editable_builder\">\n\n\t\t\t<!-- module_row -->\n\t\t\t<div  data-gutter=\"gutter-default\" class=\"themify_builder_row themify_builder_288_row module_row module_row_0 module_row_288-0 clearfix gutter-default col_align_top\" data-equal-column-height=\"\" data-column-alignment=\"col_align_top\">\n\n\t\t\n\t\t\t\t\n\t\t\t\t<div class=\"row_inner_wrapper\">\n\t\t\t\t\t<div class=\"row_inner\">\n\n\t\t\t\t\t\t\n\t\t\t\t\t\t\n\t\t\t\t\t\t\t\n\t\t<div  class=\"col4-2 first tb-column  tb_288_column module_column_0 module_column_288-0-0 module_column\" >\n\n\t\t\t\n\t\t\t\n\t\t\t<div class=\"tb-column-inner\">\n\n\t\t\t\t\n\t\t\t\t\n\t\t\t\t\t\n<!-- module text -->\n<div id=\"text-288-0-0-1\" class=\"module module-text text-288-0-0-1   \">\n\t\n\t\n\t<ul><li>guitars<\/li><li>backing vocals<\/li><\/ul>\n\t<\/div>\n<!-- \/module text -->\n\n\t\t\t\t\n\t\t\t<\/div><!-- \/.tb-column-inner -->\n\t\t\t\t\t<\/div>\n\t\t<!-- \/.tb-column -->\n\t\t\n\t\t\n\t\t<div  class=\"col4-2 last tb-column  tb_288_column module_column_1 module_column_288-0-1 module_column\" >\n\n\t\t\t\n\t\t\t\n\t\t\t<div class=\"tb-column-inner\">\n\n\t\t\t\t\n\t\t\t\t\n\t\t\t\t\t\n\t<!-- module image -->\n\t<div id=\"image-288-0-1-1\" class=\"module module-image image-288-0-1-1 drop-shadow bordered image-top  \">\n\n\t\t\n\t\t\n\t\t<div class=\"image-wrap\">\n\t\t\t\t\t\t\t<img decoding=\"async\" src=\"https:\/\/path-of-destiny.de\/pod\/wp-content\/uploads\/2021\/09\/988b2776-b3e7-4a51-9db2-a7ade2003aae-1024x682-450x300.jpg\" height=\"300\" class=\" wp-image-649\" title=\"988b2776-b3e7-4a51-9db2-a7ade2003aae\" alt=\"Alexander Helfer\" srcset=\"https:\/\/path-of-destiny.de\/pod\/wp-content\/uploads\/2021\/09\/988b2776-b3e7-4a51-9db2-a7ade2003aae-1024x682-450x300.jpg 450w, https:\/\/path-of-destiny.de\/pod\/wp-content\/uploads\/2021\/09\/988b2776-b3e7-4a51-9db2-a7ade2003aae-300x200.jpg 300w, https:\/\/path-of-destiny.de\/pod\/wp-content\/uploads\/2021\/09\/988b2776-b3e7-4a51-9db2-a7ade2003aae-1024x682.jpg 1024w, https:\/\/path-of-destiny.de\/pod\/wp-content\/uploads\/2021\/09\/988b2776-b3e7-4a51-9db2-a7ade2003aae-768x512.jpg 768w, https:\/\/path-of-destiny.de\/pod\/wp-content\/uploads\/2021\/09\/988b2776-b3e7-4a51-9db2-a7ade2003aae-1536x1023.jpg 1536w, https:\/\/path-of-destiny.de\/pod\/wp-content\/uploads\/2021\/09\/988b2776-b3e7-4a51-9db2-a7ade2003aae.jpg 1600w\" sizes=\"(max-width: 450px) 100vw, 450px\" \/>\t\t\t\n\t\t\t\t\t\t<\/div>\n\t\t\t<!-- \/image-wrap -->\n\t\t\n\t\t\n\t\t\n\t\t<\/div>\n\t<!-- \/module image -->\n\n\n\t\t\t\t\n\t\t\t<\/div><!-- \/.tb-column-inner -->\n\t\t\t\t\t<\/div>\n\t\t<!-- \/.tb-column -->\n\t\t\n\t\t\n\t\t\t\t\t\t\t\t\n\t\t\t\t\t\t\t\t\n\t\t\t\t\t\t\t\n\t\t\t\t\t\t<\/div>\n\t\t\t\t\t\t<!-- \/row_inner -->\n\t\t\t\t\t<\/div>\n\t\t\t\t\t<!-- \/row_inner_wrapper -->\n\t\t\t\t<\/div>\n\t\t\t\t<!-- \/module_row -->\n\t\t<\/div>\t\t\t<\/div>\n\t\t\t<!-- \/slide-content -->\n\t\t\t\t\t<\/li>\n\t\t\n\t\t<li style=\" \">\n\t\t\t\t\t\t\t\n\t\t\t\t\t\t<div class=\"slide-content\">\n\t\t\t\t\n\t\t\t\t\t\t\t\t\t\t\t\t\t\t\t<h3 class=\"slide-title\"><a href=\"https:\/\/path-of-destiny.de\/pod\/sebastian-schaffert\/\" title=\"Sebastian Schaffert\" >Sebastian Schaffert<\/a><\/h3>\n\t\t\t\t\t\t\t\t\t\t\t\t\t\n\t\t\t\t\n\t\t\t\t<div class=\"themify_builder_content-285 themify_builder in_the_loop not_editable_builder\">\n\n\t\t\t<!-- module_row -->\n\t\t\t<div  data-gutter=\"gutter-default\" class=\"themify_builder_row themify_builder_285_row module_row module_row_0 module_row_285-0 clearfix gutter-default col_align_top\" data-equal-column-height=\"\" data-column-alignment=\"col_align_top\">\n\n\t\t\n\t\t\t\t\n\t\t\t\t<div class=\"row_inner_wrapper\">\n\t\t\t\t\t<div class=\"row_inner\">\n\n\t\t\t\t\t\t\n\t\t\t\t\t\t\n\t\t\t\t\t\t\t\n\t\t<div  class=\"col4-2 first tb-column  tb_285_column module_column_0 module_column_285-0-0 module_column\" >\n\n\t\t\t\n\t\t\t\n\t\t\t<div class=\"tb-column-inner\">\n\n\t\t\t\t\n\t\t\t\t\n\t\t\t\t\t\n<!-- module text -->\n<div id=\"text-285-0-0-1\" class=\"module module-text text-285-0-0-1   \">\n\t\n\t\n\t<ul><li>vocals<\/li><\/ul>\n\t<\/div>\n<!-- \/module text -->\n\n\t\t\t\t\n\t\t\t<\/div><!-- \/.tb-column-inner -->\n\t\t\t\t\t<\/div>\n\t\t<!-- \/.tb-column -->\n\t\t\n\t\t\n\t\t<div  class=\"col4-2 last tb-column  tb_285_column module_column_1 module_column_285-0-1 module_column\" >\n\n\t\t\t\n\t\t\t\n\t\t\t<div class=\"tb-column-inner\">\n\n\t\t\t\t\n\t\t\t\t\n\t\t\t\t\t\n\t<!-- module image -->\n\t<div id=\"image-285-0-1-1\" class=\"module module-image image-285-0-1-1 drop-shadow bordered image-top  \">\n\n\t\t\n\t\t\n\t\t<div class=\"image-wrap\">\n\t\t\t\t\t\t\t<img decoding=\"async\" src=\"https:\/\/path-of-destiny.de\/pod\/wp-content\/uploads\/2021\/09\/0c9e6ca4-feae-486e-ae86-493fc0a89492-1024x682-450x300.jpg\" height=\"300\" class=\" wp-image-651\" title=\"0c9e6ca4-feae-486e-ae86-493fc0a89492\" alt=\"Sebastian Schaffert\" srcset=\"https:\/\/path-of-destiny.de\/pod\/wp-content\/uploads\/2021\/09\/0c9e6ca4-feae-486e-ae86-493fc0a89492-1024x682-450x300.jpg 450w, https:\/\/path-of-destiny.de\/pod\/wp-content\/uploads\/2021\/09\/0c9e6ca4-feae-486e-ae86-493fc0a89492-300x200.jpg 300w, https:\/\/path-of-destiny.de\/pod\/wp-content\/uploads\/2021\/09\/0c9e6ca4-feae-486e-ae86-493fc0a89492-1024x682.jpg 1024w, https:\/\/path-of-destiny.de\/pod\/wp-content\/uploads\/2021\/09\/0c9e6ca4-feae-486e-ae86-493fc0a89492-768x512.jpg 768w, https:\/\/path-of-destiny.de\/pod\/wp-content\/uploads\/2021\/09\/0c9e6ca4-feae-486e-ae86-493fc0a89492-1536x1023.jpg 1536w, https:\/\/path-of-destiny.de\/pod\/wp-content\/uploads\/2021\/09\/0c9e6ca4-feae-486e-ae86-493fc0a89492.jpg 1600w\" sizes=\"(max-width: 450px) 100vw, 450px\" \/>\t\t\t\n\t\t\t\t\t\t<\/div>\n\t\t\t<!-- \/image-wrap -->\n\t\t\n\t\t\n\t\t\n\t\t<\/div>\n\t<!-- \/module image -->\n\n\n\t\t\t\t\n\t\t\t<\/div><!-- \/.tb-column-inner -->\n\t\t\t\t\t<\/div>\n\t\t<!-- \/.tb-column -->\n\t\t\n\t\t\n\t\t\t\t\t\t\t\t\n\t\t\t\t\t\t\t\t\n\t\t\t\t\t\t\t\n\t\t\t\t\t\t<\/div>\n\t\t\t\t\t\t<!-- \/row_inner -->\n\t\t\t\t\t<\/div>\n\t\t\t\t\t<!-- \/row_inner_wrapper -->\n\t\t\t\t<\/div>\n\t\t\t\t<!-- \/module_row -->\n\t\t<\/div>\t\t\t<\/div>\n\t\t\t<!-- \/slide-content -->\n\t\t\t\t\t<\/li>\n\t\t\t\t\t\t\n\t\t\n\t<\/ul>\n\t<!-- \/themify_builder_slider -->\n\n<\/div>\n<!-- \/module slider blog -->\n\n    <!-- module divider -->\n    <div id=\"divider-485-0-0-4\" class=\"module module-divider divider-485-0-0-4 solid   divider-fullwidth \" style=\"border-width: 2px;border-color: rgba(0,0,0, 1.00);\">\n            <\/div>\n    <!-- \/module divider -->\n\n\n<!-- module text -->\n<div id=\"text-485-0-0-5\" class=\"module module-text text-485-0-0-5   \">\n\t\n\t\n\t<h3><span class=\"Stil5\">\u2022\u00a0\u00a0\u2022\u00a0\u00a0\u2022 <\/span>BAND <span class=\"Stil5\">\u2022\u00a0\u00a0\u2022\u00a0\u00a0\u2022<\/span><\/h3>\n\t<\/div>\n<!-- \/module text --><style type=\"text\/css\">.themify_builder .text-485-0-0-5.module-text { background-color: #201005;  } \n<\/style>\n\n    <!-- module divider -->\n    <div id=\"divider-485-0-0-6\" class=\"module module-divider divider-485-0-0-6 solid   divider-fullwidth \" style=\"border-width: 2px;border-color: rgba(0,0,0, 1.00);\">\n            <\/div>\n    <!-- \/module divider -->\n\n\n\t\t\t\t\n\t\t\t<\/div><!-- \/.tb-column-inner -->\n\t\t\t\t\t<\/div>\n\t\t<!-- \/.tb-column -->\n\t\t\n\t\t\n\t\t\t\t\t\t\t\t\n\t\t\t\t\t\t\t\t\n\t\t\t\t\t\t\t\n\t\t\t\t\t\t<\/div>\n\t\t\t\t\t\t<!-- \/row_inner -->\n\t\t\t\t\t<\/div>\n\t\t\t\t\t<!-- \/row_inner_wrapper -->\n\t\t\t\t<\/div>\n\t\t\t\t<!-- \/module_row -->\n\t\t\t\t\t<!-- module_row -->\n\t\t\t<div  data-gutter=\"gutter-default\" class=\"themify_builder_row themify_builder_485_row module_row module_row_1 module_row_485-1 clearfix gutter-default col_align_top\" data-equal-column-height=\"\" data-column-alignment=\"col_align_top\">\n\n\t\t\n\t\t\t\t\n\t\t\t\t<div class=\"row_inner_wrapper\">\n\t\t\t\t\t<div class=\"row_inner\">\n\n\t\t\t\t\t\t\n\t\t\t\t\t\t\n\t\t\t\t\t\t\t\n\t\t<div  class=\"col-full first tb-column  tb_485_column module_column_0 module_column_485-1-0 module_column\" >\n\n\t\t\t\n\t\t\t\n\t\t\t<div class=\"tb-column-inner\">\n\n\t\t\t\t\n\t\t\t\t\n\t\t\t\t\t\n\t<!-- module service menu -->\n\t<div id=\"service-menu-485-1-0-1\" class=\"module module-service-menu service-menu-485-1-0-1     no-highlight\">\n\n\t\t\n\t\t\n\t\t<div class=\"tb-image-wrap\">\n\t\t\t\t\t\t\t\t\t\t\t\t<\/div><!-- .tb-image-wrap -->\n\n\t\t<div class=\"tb-image-content\">\n\t\t\t\n\t\t\t\n\t\t\t\t\t<\/div><!-- .tb-image-content -->\n\n\t\t<\/div>\n\t<!-- \/module service menu -->\n\n\n\n\t\t\t\t\n\t\t\t<\/div><!-- \/.tb-column-inner -->\n\t\t\t\t\t<\/div>\n\t\t<!-- \/.tb-column -->\n\t\t\n\t\t\n\t\t\t\t\t\t\t\t\n\t\t\t\t\t\t\t\t\n\t\t\t\t\t\t\t\n\t\t\t\t\t\t<\/div>\n\t\t\t\t\t\t<!-- \/row_inner -->\n\t\t\t\t\t<\/div>\n\t\t\t\t\t<!-- \/row_inner_wrapper -->\n\t\t\t\t<\/div>\n\t\t\t\t<!-- \/module_row -->\n\t\t\t\t\t<!-- module_row -->\n\t\t\t<div  data-gutter=\"gutter-default\" class=\"themify_builder_row themify_builder_485_row module_row module_row_2 module_row_485-2 clearfix gutter-default col_align_top\" data-equal-column-height=\"\" data-column-alignment=\"col_align_top\">\n\n\t\t\n\t\t\t\t\n\t\t\t\t<div class=\"row_inner_wrapper\">\n\t\t\t\t\t<div class=\"row_inner\">\n\n\t\t\t\t\t\t\n\t\t\t\t\t\t\n\t\t\t\t\t\t\t\n\t\t<div  class=\"col-full first tb-column  tb_485_column module_column_0 module_column_485-2-0 module_column\" >\n\n\t\t\t\n\t\t\t\n\t\t\t<div class=\"tb-column-inner\">\n\n\t\t\t\t\n\t\t\t\t\n\t\t\t\t\t\n\t<!-- module accordion -->\n\t<div id=\"accordion-485-2-0-1\" class=\"module module-accordion accordion-485-2-0-1  \" data-behavior=\"accordion\">\n\n\t\t\t\t\t<h3 class=\"module-title\">THIS IS HOW WE CHOSE OUR PATH... <\/h3>\t\t\n\t\t\n\t\t<ul class=\"ui module-accordion default   default\">\n\t\t\t\t\t\t\t<li class=\"builder-accordion-active\">\n\t\t\t\t\t<div class=\"accordion-title\">\n\t\t\t\t\t\t<a href=\"#\">\n\t\t\t\t\t\t\t\t\t\t\t\t\t\t\t\t\t\t\t\t\tDeutsch\t\t\t\t\t\t<\/a>\n\t\t\t\t\t<\/div>\n\t\t\t\t\t<div class=\"accordion-content  clearfix\">\n\t\t\t\t\t\t<p>Path of Destiny entstand im Februar 2007 aus einem kleinen <br \/>Heavy Metal-Projekt und durchlebte im Laufe der Jahre diverse<br \/>Besetzungswechsel.<\/p><p>Die Mitglieder der Th\u00fcringer Band stehen f\u00fcr einen<br \/>musikalischen Mix aus harten Melodic Death Metal-Riffs,<br \/>Einsprengseln aus Black, Thrash oder gar Doom Metal und einer Prise orchestraler Einsch\u00fcbe.<\/p><p>Die Songs vereinen die besten Bestandteile dieser Musikstile zu<br \/>einem brutalen, aber dennoch melodi\u00f6sen Ganzen. Neben Dimmu Borgir,<br \/>Hypocrisy, In Flames oder Kataklysm kann man auch Behemoth und<br \/>The Black Dahlia Murder zu pr\u00e4genden Einfl\u00fcssen z\u00e4hlen.<\/p><p>Zu den gr\u00f6\u00dften Erfolgen bisher z\u00e4hlen unz\u00e4hlige Festival-Auftritte,<br \/>sowie der Labeldeal mit Apostasy Records im Jahre 2016,<br \/>aus welchem der Release des zweiten Albums \u201eDreams in Splendid Black\u201c hervorging.<br \/>Insgesamt kann die Band auf eine reichhaltige Konzert-Historie mit \u00fcber<br \/>130 Auftritten in mehr als 14 Jahren Bandbestehen aufbauen.<\/p><p>Das neue Album &#8222;The Seed of All Evil&#8220; erblickte im Juni 2021 das Licht der Welt<br \/>und feuert 10 brandneue Melo Death-Geschosse auf alle geneigten Geh\u00f6rg\u00e4nge ab.<\/p>\t\t\t\t\t<\/div>\n\t\t\t\t<\/li>\n\t\t\t\t\t\t\t<li >\n\t\t\t\t\t<div class=\"accordion-title\">\n\t\t\t\t\t\t<a href=\"#\">\n\t\t\t\t\t\t\t\t\t\t\t\t\t\t\t\t\t\t\t\t\tEnglish\t\t\t\t\t\t<\/a>\n\t\t\t\t\t<\/div>\n\t\t\t\t\t<div class=\"accordion-content default-closed clearfix\">\n\t\t\t\t\t\t<p>Path of Destiny emerged in February 2007 out of the remnants of <br \/>a little german Heavy Metal project and lived through several line-up changes in the years of existence.<\/p><p>The members of the Thuringian band are remarkable for their musical mixture of <br \/>heavy Melodic Death Metal-riffing, bits of Black, Thrash, or even Doom Metal, and a little dash of orchestral influences.<\/p><p>The songs unite the best ingredients of those musical styles to a <br \/>brutal, yet melodic unity. Besides Dimmu Borgir, Hypocrisy, In Flames, or Kataklysm<br \/>also bands like Behemoth or The Black Dahlia Murder count amongst the distinctive influences.<\/p><p>Amongst the biggest achievements so far rank countless festival-gigs and the<br \/>label deal with Apostasy Records in 2016 from which the release of the 2nd album <br \/>&#8222;Dreams in Splendid Black&#8220; was spawned.<br \/>Path of Destiny are able to look back on a very rich concert history with over 130<br \/>live gigs in more than 14 years of the bands&#8216; existence.<\/p><p>The new and upcoming album &#8222;The Seed of all Evil&#8220; saw the light of day in June 2021 <br \/>and contains 10 brand-new Melo Death-bullets to penetrate the ears of the willing listeners worldwide.<\/p>\t\t\t\t\t<\/div>\n\t\t\t\t<\/li>\n\t\t\t\t\t<\/ul>\n\n\t\t\n\t<\/div>\n\t<!-- \/module accordion -->\n\n\n\t\t\t\t\n\t\t\t<\/div><!-- \/.tb-column-inner -->\n\t\t\t\t\t<\/div>\n\t\t<!-- \/.tb-column -->\n\t\t\n\t\t\n\t\t\t\t\t\t\t\t\n\t\t\t\t\t\t\t\t\n\t\t\t\t\t\t\t\n\t\t\t\t\t\t<\/div>\n\t\t\t\t\t\t<!-- \/row_inner -->\n\t\t\t\t\t<\/div>\n\t\t\t\t\t<!-- \/row_inner_wrapper -->\n\t\t\t\t<\/div>\n\t\t\t\t<!-- \/module_row -->\n\t\t<\/div>\n<!-- \/themify_builder_content -->","protected":false},"excerpt":{"rendered":"<p>\u2022\u00a0\u00a0\u2022\u00a0\u00a0\u2022 BAND \u2022\u00a0\u00a0\u2022\u00a0\u00a0\u2022<\/p>\n","protected":false},"author":1,"featured_media":0,"parent":0,"menu_order":0,"comment_status":"closed","ping_status":"closed","template":"","meta":{"footnotes":""},"_links":{"self":[{"href":"https:\/\/path-of-destiny.de\/pod\/wp-json\/wp\/v2\/pages\/485"}],"collection":[{"href":"https:\/\/path-of-destiny.de\/pod\/wp-json\/wp\/v2\/pages"}],"about":[{"href":"https:\/\/path-of-destiny.de\/pod\/wp-json\/wp\/v2\/types\/page"}],"author":[{"embeddable":true,"href":"https:\/\/path-of-destiny.de\/pod\/wp-json\/wp\/v2\/users\/1"}],"replies":[{"embeddable":true,"href":"https:\/\/path-of-destiny.de\/pod\/wp-json\/wp\/v2\/comments?post=485"}],"version-history":[{"count":5,"href":"https:\/\/path-of-destiny.de\/pod\/wp-json\/wp\/v2\/pages\/485\/revisions"}],"predecessor-version":[{"id":634,"href":"https:\/\/path-of-destiny.de\/pod\/wp-json\/wp\/v2\/pages\/485\/revisions\/634"}],"wp:attachment":[{"href":"https:\/\/path-of-destiny.de\/pod\/wp-json\/wp\/v2\/media?parent=485"}],"curies":[{"name":"wp","href":"https:\/\/api.w.org\/{rel}","templated":true}]}}