{"id":470,"date":"2021-02-20T12:21:51","date_gmt":"2021-02-20T11:21:51","guid":{"rendered":"https:\/\/path-of-destiny.de\/pod\/news-copy\/"},"modified":"2021-04-02T17:47:38","modified_gmt":"2021-04-02T15:47:38","slug":"news-2","status":"publish","type":"page","link":"https:\/\/path-of-destiny.de\/pod\/","title":{"rendered":"NEWS"},"content":{"rendered":"<div id=\"themify_builder_content-470\" data-postid=\"470\" class=\"themify_builder_content themify_builder_content-470 themify_builder themify_builder_front\">\n\n\t\t\t\t<!-- module_row -->\n\t\t\t<div  data-gutter=\"gutter-default\" class=\"themify_builder_row themify_builder_470_row module_row module_row_0 module_row_470-0 clearfix gutter-default col_align_top\" data-equal-column-height=\"\" data-column-alignment=\"col_align_top\">\n\n\t\t\n\t\t\t\t\n\t\t\t\t<div class=\"row_inner_wrapper\">\n\t\t\t\t\t<div class=\"row_inner\">\n\n\t\t\t\t\t\t\n\t\t\t\t\t\t\n\t\t\t\t\t\t\t\n\t\t<div  class=\"col-full first tb-column  tb_470_column module_column_0 module_column_470-0-0 module_column\" >\n\n\t\t\t\n\t\t\t\n\t\t\t<div class=\"tb-column-inner\">\n\n\t\t\t\t\n\t\t\t\t\n\t\t\t\t\t\n\t<!-- module image -->\n\t<div id=\"image-470-0-0-1\" class=\"module module-image image-470-0-0-1   image-top   auto_fullwidth\">\n\n\t\t\n\t\t\n\t\t<div class=\"image-wrap\">\n\t\t\t\t\t\t\t<img loading=\"lazy\" decoding=\"async\" width=\"975\" height=\"198\" src=\"https:\/\/path-of-destiny.de\/pod\/wp-content\/uploads\/2021\/02\/Header2.jpg\" class=\" wp-image-448\" title=\"Header2\" alt=\"Header\" srcset=\"https:\/\/path-of-destiny.de\/pod\/wp-content\/uploads\/2021\/02\/Header2.jpg 975w, https:\/\/path-of-destiny.de\/pod\/wp-content\/uploads\/2021\/02\/Header2-300x61.jpg 300w, https:\/\/path-of-destiny.de\/pod\/wp-content\/uploads\/2021\/02\/Header2-768x156.jpg 768w\" sizes=\"(max-width: 975px) 100vw, 975px\" \/>\t\t\t\n\t\t\t\t\t\t<\/div>\n\t\t\t<!-- \/image-wrap -->\n\t\t\n\t\t\n\t\t\n\t\t<\/div>\n\t<!-- \/module image -->\n\n\n\t<!-- module image -->\n\t<div id=\"image-470-0-0-2\" class=\"module module-image image-470-0-0-2 drop-shadow image-top   auto_fullwidth\">\n\n\t\t\n\t\t\n\t\t<div class=\"image-wrap\">\n\t\t\t\t\t\t\t<img loading=\"lazy\" decoding=\"async\" width=\"2560\" height=\"1323\" src=\"https:\/\/path-of-destiny.de\/pod\/wp-content\/uploads\/2021\/02\/pod_titel_vig-scaled.jpg\" class=\" wp-image-483\" title=\"pod_titel_vig\" alt=\"NEWS\" srcset=\"https:\/\/path-of-destiny.de\/pod\/wp-content\/uploads\/2021\/02\/pod_titel_vig-scaled.jpg 2560w, https:\/\/path-of-destiny.de\/pod\/wp-content\/uploads\/2021\/02\/pod_titel_vig-300x155.jpg 300w, https:\/\/path-of-destiny.de\/pod\/wp-content\/uploads\/2021\/02\/pod_titel_vig-1024x529.jpg 1024w, https:\/\/path-of-destiny.de\/pod\/wp-content\/uploads\/2021\/02\/pod_titel_vig-768x397.jpg 768w, https:\/\/path-of-destiny.de\/pod\/wp-content\/uploads\/2021\/02\/pod_titel_vig-1536x794.jpg 1536w, https:\/\/path-of-destiny.de\/pod\/wp-content\/uploads\/2021\/02\/pod_titel_vig-2048x1058.jpg 2048w\" sizes=\"(max-width: 2560px) 100vw, 2560px\" \/>\t\t\t\n\t\t\t\t\t\t<\/div>\n\t\t\t<!-- \/image-wrap -->\n\t\t\n\t\t\n\t\t\n\t\t<\/div>\n\t<!-- \/module image -->\n\n\n    <!-- module divider -->\n    <div id=\"divider-470-0-0-3\" class=\"module module-divider divider-470-0-0-3 solid   divider-fullwidth \" style=\"border-width: 2px;border-color: rgba(0,0,0, 1.00);\">\n            <\/div>\n    <!-- \/module divider -->\n\n\n    <!-- module divider -->\n    <div id=\"divider-470-0-0-4\" class=\"module module-divider divider-470-0-0-4 solid   divider-fullwidth \" style=\"border-width: 2px;border-color: rgba(0,0,0, 1.00);\">\n            <\/div>\n    <!-- \/module divider -->\n\n\n<!-- module text -->\n<div id=\"text-470-0-0-5\" class=\"module module-text text-470-0-0-5    hide-desktop hide-tablet hide-mobile\">\n\t\n\t\n\t<h3><span class=\"Stil5\">\u2022\u00a0\u00a0\u2022\u00a0\u00a0\u2022 <\/span>NEWS <span class=\"Stil5\">\u2022\u00a0\u00a0\u2022\u00a0\u00a0\u2022<\/span><\/h3>\n\t<\/div>\n<!-- \/module text -->\n\n    <!-- module divider -->\n    <div id=\"divider-470-0-0-6\" class=\"module module-divider divider-470-0-0-6 solid   divider-fullwidth \" style=\"border-width: 2px;border-color: rgba(0,0,0, 1.00);\">\n            <\/div>\n    <!-- \/module divider -->\n\n\n\t\t\t\t\n\t\t\t<\/div><!-- \/.tb-column-inner -->\n\t\t\t\t\t<\/div>\n\t\t<!-- \/.tb-column -->\n\t\t\n\t\t\n\t\t\t\t\t\t\t\t\n\t\t\t\t\t\t\t\t\n\t\t\t\t\t\t\t\n\t\t\t\t\t\t<\/div>\n\t\t\t\t\t\t<!-- \/row_inner -->\n\t\t\t\t\t<\/div>\n\t\t\t\t\t<!-- \/row_inner_wrapper -->\n\t\t\t\t<\/div>\n\t\t\t\t<!-- \/module_row -->\n\t\t\t\t\t<!-- module_row -->\n\t\t\t<div  data-gutter=\"gutter-default\" class=\"themify_builder_row themify_builder_470_row module_row module_row_1 module_row_470-1 clearfix gutter-default col_align_top\" data-equal-column-height=\"\" data-column-alignment=\"col_align_top\">\n\n\t\t\n\t\t\t\t\n\t\t\t\t<div class=\"row_inner_wrapper\">\n\t\t\t\t\t<div class=\"row_inner\">\n\n\t\t\t\t\t\t\n\t\t\t\t\t\t\n\t\t\t\t\t\t\t\n\t\t<div  class=\"col-full first tb-column  tb_470_column module_column_0 module_column_470-1-0 module_column\" >\n\n\t\t\t\n\t\t\t\n\t\t\t<div class=\"tb-column-inner\">\n\n\t\t\t\t\n\t\t\t\t\n\t\t\t\t\t\n    <!-- module post -->\n    <div id=\"post-470-1-0-1\" class=\"module module-post post-470-1-0-1 \">\n        \n                <div class=\"builder-posts-wrap clearfix loops-wrapper list-post\">\n            \n\n<article id=\"post-611\" class=\"post clearfix post-611 type-post status-publish format-standard hentry category-allgemein has-post-title no-post-date has-post-category has-post-tag has-post-comment has-post-author \">\n\t\n            <a href=\"https:\/\/path-of-destiny.de\/pod\/release-day-is-here\/\" data-post-permalink=\"yes\" style=\"display: none;\"><\/a>\n    \n\t\n\t<div class=\"post-content\">\n\t\t<div class=\"post-content-inner\">\n\n\t\t\t\n\t\t\t\t\t\t\t\t\t\t\t\t\t\t<h2 class=\"post-title entry-title\"><a href=\"https:\/\/path-of-destiny.de\/pod\/release-day-is-here\/\" title=\"RELEASE DAY IS HERE!\">RELEASE DAY IS HERE!<\/a><\/h2>\n\t\t\t\t\t\t\t\t\t\n\t\t\t\n\t\t\t\n\t\n\t\n\t\t\n\t\n\t\n\t\t\t<div class=\"entry-content\">\n\n\t\t\t\t\n\t\t\t\t\t<div class=\"themify_builder_content-611 themify_builder in_the_loop not_editable_builder\">\n\n\t\t\t<!-- module_row -->\n\t\t\t<div  data-gutter=\"gutter-default\" class=\"themify_builder_row themify_builder_611_row module_row module_row_0 module_row_611-0 clearfix gutter-default col_align_top\" data-equal-column-height=\"\" data-column-alignment=\"col_align_top\">\n\n\t\t\n\t\t\t\t\n\t\t\t\t<div class=\"row_inner_wrapper\">\n\t\t\t\t\t<div class=\"row_inner\">\n\n\t\t\t\t\t\t\n\t\t\t\t\t\t\n\t\t\t\t\t\t\t\n\t\t<div  class=\"col4-3 first tb-column  tb_611_column module_column_0 module_column_611-0-0 module_column\" >\n\n\t\t\t\n\t\t\t\n\t\t\t<div class=\"tb-column-inner\">\n\n\t\t\t\t\n\t\t\t\t\n\t\t\t\t\t\n<!-- module text -->\n<div id=\"text-611-0-0-1\" class=\"module module-text text-611-0-0-1   \">\n\t\n\t\n\t<p>Unser neues Album &#8222;The Seed of all Evil&#8220; ist nun auf allen Plattformen und in allen Stores verf\u00fcgbar! Wir freuen uns sehr, euch unsere neue Scheibe pr\u00e4sentieren zu k\u00f6nnen und senden ein gro\u00dfes &#8222;Dankesch\u00f6n&#8220; an alle f\u00fcr das \u00e4u\u00dferst positive Feedback raus.<\/p><p>Our new effort &#8222;The Seed of all Evil&#8220; is out now and available on all platforms!<br \/>We are more than happy to share this piece of music with you and are already grateful for all the positive feedback we got so far!<\/p>\n\t<\/div>\n<!-- \/module text -->\n\n\t\t\t\t\n\t\t\t<\/div><!-- \/.tb-column-inner -->\n\t\t\t\t\t<\/div>\n\t\t<!-- \/.tb-column -->\n\t\t\n\t\t\n\t\t<div  class=\"col4-1 last tb-column  tb_611_column module_column_1 module_column_611-0-1 module_column\" >\n\n\t\t\t\n\t\t\t\n\t\t\t<div class=\"tb-column-inner\">\n\n\t\t\t\t\n\t\t\t\t\n\t\t\t\t\t\n\n    <!-- module widget -->\n    <div id=\"widget-611-0-1-1\" class=\"module module-widget widget-611-0-1-1   \">\n        <div class=\"widget themify-social-links\"><ul class=\"social-links horizontal\">\n\t\t\t\t\t\t\t<li class=\"social-link-item twitter font-icon icon-medium\">\n\t\t\t\t\t\t\t\t<a href=\"https:\/\/twitter.com\/PathofDestiny66\" title=\"Twitter\" ><i class=\"fa fa-twitter\" ><\/i>  <\/a>\n\t\t\t\t\t\t\t<\/li>\n\t\t\t\t\t\t\t<!-- \/themify-link-item -->\n\t\t\t\t\t\t\t<li class=\"social-link-item instagram font-icon icon-medium\">\n\t\t\t\t\t\t\t\t<a href=\"https:\/\/www.instagram.com\/path_of_destiny_666\/\" title=\"Instagram\" ><i class=\"ti-instagram\" ><\/i>  <\/a>\n\t\t\t\t\t\t\t<\/li>\n\t\t\t\t\t\t\t<!-- \/themify-link-item -->\n\t\t\t\t\t\t\t<li class=\"social-link-item youtube font-icon icon-medium\">\n\t\t\t\t\t\t\t\t<a href=\"https:\/\/www.youtube.com\/user\/pathofdestinyband\" title=\"YouTube\" ><i class=\"fa fa-youtube\" ><\/i>  <\/a>\n\t\t\t\t\t\t\t<\/li>\n\t\t\t\t\t\t\t<!-- \/themify-link-item -->\n\t\t\t\t\t\t\t<li class=\"social-link-item spotify font-icon icon-medium\">\n\t\t\t\t\t\t\t\t<a href=\"https:\/\/open.spotify.com\/artist\/1iydHn2q6TisTwNxU0yc2K\" title=\"Spotify\" ><i class=\"fa fa-spotify\" ><\/i>  <\/a>\n\t\t\t\t\t\t\t<\/li>\n\t\t\t\t\t\t\t<!-- \/themify-link-item --><\/ul><\/div>    <\/div>\n    <!-- \/module widget -->\n\n\n\t\t\t\t\n\t\t\t<\/div><!-- \/.tb-column-inner -->\n\t\t\t\t\t<\/div>\n\t\t<!-- \/.tb-column -->\n\t\t\n\t\t\n\t\t\t\t\t\t\t\t\n\t\t\t\t\t\t\t\t\n\t\t\t\t\t\t\t\n\t\t\t\t\t\t<\/div>\n\t\t\t\t\t\t<!-- \/row_inner -->\n\t\t\t\t\t<\/div>\n\t\t\t\t\t<!-- \/row_inner_wrapper -->\n\t\t\t\t<\/div>\n\t\t\t\t<!-- \/module_row -->\n\t\t<\/div>\n\t\t\t\t\n\t\t\t<\/div><!-- \/.entry-content -->\n\n\t\t\t\n\t\t<\/div>\n\t\t<!-- \/.post-content-inner -->\n\t<\/div>\n\t<!-- \/.post-content -->\n\t\n<\/article>\n<!-- \/.post -->\n\n\n<article id=\"post-551\" class=\"post clearfix post-551 type-post status-publish format-standard hentry category-allgemein has-post-title no-post-date has-post-category has-post-tag has-post-comment has-post-author \">\n\t\n            <a href=\"https:\/\/path-of-destiny.de\/pod\/webseitenueberarbeitung-2\/\" data-post-permalink=\"yes\" style=\"display: none;\"><\/a>\n    \n\t\n\t<div class=\"post-content\">\n\t\t<div class=\"post-content-inner\">\n\n\t\t\t\n\t\t\t\t\t\t\t\t\t\t\t\t\t\t<h2 class=\"post-title entry-title\"><a href=\"https:\/\/path-of-destiny.de\/pod\/webseitenueberarbeitung-2\/\" title=\"New album-announcement\">New album-announcement<\/a><\/h2>\n\t\t\t\t\t\t\t\t\t\n\t\t\t\n\t\t\t\n\t\n\t\n\t\t\n\t\n\t\n\t\t\t<div class=\"entry-content\">\n\n\t\t\t\t\n\t\t\t\t\t<div class=\"themify_builder_content-551 themify_builder in_the_loop not_editable_builder\">\n\n\t\t\t<!-- module_row -->\n\t\t\t<div  data-gutter=\"gutter-default\" class=\"themify_builder_row themify_builder_551_row module_row module_row_0 module_row_551-0 clearfix gutter-default col_align_top\" data-equal-column-height=\"\" data-column-alignment=\"col_align_top\">\n\n\t\t\n\t\t\t\t\n\t\t\t\t<div class=\"row_inner_wrapper\">\n\t\t\t\t\t<div class=\"row_inner\">\n\n\t\t\t\t\t\t\n\t\t\t\t\t\t\n\t\t\t\t\t\t\t\n\t\t<div  class=\"col4-3 first tb-column  tb_551_column module_column_0 module_column_551-0-0 module_column\" >\n\n\t\t\t\n\t\t\t\n\t\t\t<div class=\"tb-column-inner\">\n\n\t\t\t\t\n\t\t\t\t\n\t\t\t\t\t\n<!-- module text -->\n<div id=\"text-551-0-0-1\" class=\"module module-text text-551-0-0-1   \">\n\t\n\t\n\t<h5><strong>Herzlich Willkommen auf der offiziellen Website von Path of Destiny<\/strong><\/h5>\n<p>Unser neues Album &#8222;The Seed of all Evil&#8220; wird am 11.06.2021 via Apostasy Records das Licht der Welt erblicken! Wir freuen uns schon, euch 10 brandneue Songs auf die Ohren legen zu d\u00fcrfen.<\/p>\n<p>Weitere Neuigkeiten findet ihr immer auf unseren <br \/>Facebook- oder Instagramseiten: <br \/><a href=\"https:\/\/www.facebook.com\/pathofdestinyband\">facebook.com\/pathofdestinyband<\/a> <br><a href=\"https:\/\/www.instagram.com\/path_of_destiny_666\/\">instagram.com\/path_of_destiny_666\/<\/a><\/p>\n<h5><strong>Welcome to the official website of Path of Destiny<\/strong><\/h5>\n<p>Our new album &#8222;The Seed of all Evil&#8220; will be released to you all via Apostasy Records on June 11th, 2021! We are already looking forward to delivering you 10 brand new songs!<\/p>\n<p>To stay updated with the latest news check out our Facebook- and Instagram accounts: <br \/><a href=\"https:\/\/www.facebook.com\/pathofdestinyband\">facebook.com\/pathofdestinyband<\/a> <br> <a href=\"https:\/\/www.instagram.com\/path_of_destiny_666\/\">instagram.com\/path_of_destiny_666\/<\/a><\/p>\n\n\t<\/div>\n<!-- \/module text -->\n\n\t\t\t\t\n\t\t\t<\/div><!-- \/.tb-column-inner -->\n\t\t\t\t\t<\/div>\n\t\t<!-- \/.tb-column -->\n\t\t\n\t\t\n\t\t<div  class=\"col4-1 last tb-column  tb_551_column module_column_1 module_column_551-0-1 module_column\" >\n\n\t\t\t\n\t\t\t\n\t\t\t<div class=\"tb-column-inner\">\n\n\t\t\t\t\n\t\t\t\t\n\t\t\t\t\t\n\n    <!-- module widget -->\n    <div id=\"widget-551-0-1-1\" class=\"module module-widget widget-551-0-1-1   \">\n        <div class=\"widget themify-social-links\"><ul class=\"social-links horizontal\">\n\t\t\t\t\t\t\t<li class=\"social-link-item twitter font-icon icon-medium\">\n\t\t\t\t\t\t\t\t<a href=\"https:\/\/twitter.com\/PathofDestiny66\" title=\"Twitter\" ><i class=\"fa fa-twitter\" ><\/i>  <\/a>\n\t\t\t\t\t\t\t<\/li>\n\t\t\t\t\t\t\t<!-- \/themify-link-item -->\n\t\t\t\t\t\t\t<li class=\"social-link-item instagram font-icon icon-medium\">\n\t\t\t\t\t\t\t\t<a href=\"https:\/\/www.instagram.com\/path_of_destiny_666\/\" title=\"Instagram\" ><i class=\"ti-instagram\" ><\/i>  <\/a>\n\t\t\t\t\t\t\t<\/li>\n\t\t\t\t\t\t\t<!-- \/themify-link-item -->\n\t\t\t\t\t\t\t<li class=\"social-link-item youtube font-icon icon-medium\">\n\t\t\t\t\t\t\t\t<a href=\"https:\/\/www.youtube.com\/user\/pathofdestinyband\" title=\"YouTube\" ><i class=\"fa fa-youtube\" ><\/i>  <\/a>\n\t\t\t\t\t\t\t<\/li>\n\t\t\t\t\t\t\t<!-- \/themify-link-item -->\n\t\t\t\t\t\t\t<li class=\"social-link-item spotify font-icon icon-medium\">\n\t\t\t\t\t\t\t\t<a href=\"https:\/\/open.spotify.com\/artist\/1iydHn2q6TisTwNxU0yc2K\" title=\"Spotify\" ><i class=\"fa fa-spotify\" ><\/i>  <\/a>\n\t\t\t\t\t\t\t<\/li>\n\t\t\t\t\t\t\t<!-- \/themify-link-item --><\/ul><\/div>    <\/div>\n    <!-- \/module widget -->\n\n\n\t\t\t\t\n\t\t\t<\/div><!-- \/.tb-column-inner -->\n\t\t\t\t\t<\/div>\n\t\t<!-- \/.tb-column -->\n\t\t\n\t\t\n\t\t\t\t\t\t\t\t\n\t\t\t\t\t\t\t\t\n\t\t\t\t\t\t\t\n\t\t\t\t\t\t<\/div>\n\t\t\t\t\t\t<!-- \/row_inner -->\n\t\t\t\t\t<\/div>\n\t\t\t\t\t<!-- \/row_inner_wrapper -->\n\t\t\t\t<\/div>\n\t\t\t\t<!-- \/module_row -->\n\t\t<\/div>\n\t\t\t\t\n\t\t\t<\/div><!-- \/.entry-content -->\n\n\t\t\t\n\t\t<\/div>\n\t\t<!-- \/.post-content-inner -->\n\t<\/div>\n\t<!-- \/.post-content -->\n\t\n<\/article>\n<!-- \/.post -->\n        <\/div><!-- .builder-posts-wrap -->\n                    <\/div>\n    <!-- \/module post -->\n    \n\n\t\t\t\t\n\t\t\t<\/div><!-- \/.tb-column-inner -->\n\t\t\t\t\t<\/div>\n\t\t<!-- \/.tb-column -->\n\t\t\n\t\t\n\t\t\t\t\t\t\t\t\n\t\t\t\t\t\t\t\t\n\t\t\t\t\t\t\t\n\t\t\t\t\t\t<\/div>\n\t\t\t\t\t\t<!-- \/row_inner -->\n\t\t\t\t\t<\/div>\n\t\t\t\t\t<!-- \/row_inner_wrapper -->\n\t\t\t\t<\/div>\n\t\t\t\t<!-- \/module_row -->\n\t\t<\/div>\n<!-- \/themify_builder_content -->","protected":false},"excerpt":{"rendered":"<p>\u2022\u00a0\u00a0\u2022\u00a0\u00a0\u2022 NEWS \u2022\u00a0\u00a0\u2022\u00a0\u00a0\u2022<\/p>\n","protected":false},"author":1,"featured_media":0,"parent":0,"menu_order":0,"comment_status":"closed","ping_status":"closed","template":"","meta":{"footnotes":""},"_links":{"self":[{"href":"https:\/\/path-of-destiny.de\/pod\/wp-json\/wp\/v2\/pages\/470"}],"collection":[{"href":"https:\/\/path-of-destiny.de\/pod\/wp-json\/wp\/v2\/pages"}],"about":[{"href":"https:\/\/path-of-destiny.de\/pod\/wp-json\/wp\/v2\/types\/page"}],"author":[{"embeddable":true,"href":"https:\/\/path-of-destiny.de\/pod\/wp-json\/wp\/v2\/users\/1"}],"replies":[{"embeddable":true,"href":"https:\/\/path-of-destiny.de\/pod\/wp-json\/wp\/v2\/comments?post=470"}],"version-history":[{"count":9,"href":"https:\/\/path-of-destiny.de\/pod\/wp-json\/wp\/v2\/pages\/470\/revisions"}],"predecessor-version":[{"id":596,"href":"https:\/\/path-of-destiny.de\/pod\/wp-json\/wp\/v2\/pages\/470\/revisions\/596"}],"wp:attachment":[{"href":"https:\/\/path-of-destiny.de\/pod\/wp-json\/wp\/v2\/media?parent=470"}],"curies":[{"name":"wp","href":"https:\/\/api.w.org\/{rel}","templated":true}]}}